{"id":1538,"date":"2019-08-06T16:56:45","date_gmt":"2019-08-06T14:56:45","guid":{"rendered":"http:\/\/ecointegrator.eu\/usr\/home\/netmonster\/domains\/blue-serwis.pl\/public_html\/buderus\/?page_id=1538"},"modified":"2020-01-28T15:31:28","modified_gmt":"2020-01-28T14:31:28","slug":"czyste-powietrze","status":"publish","type":"page","link":"https:\/\/blue-serwis.pl\/buderus\/czyste-powietrze\/","title":{"rendered":"Program Czyste Powietrze"},"content":{"rendered":"","protected":false},"excerpt":{"rendered":"","protected":false},"author":3,"featured_media":0,"parent":0,"menu_order":0,"comment_status":"closed","ping_status":"closed","template":"page-czyste-powietrze.php","meta":{"_acf_changed":false,"footnotes":""},"class_list":["post-1538","page","type-page","status-publish","hentry"],"acf":[],"yoast_head":"<!-- This site is optimized with the Yoast SEO plugin v26.8 - https:\/\/yoast.com\/product\/yoast-seo-wordpress\/ -->\n<title>Program Czyste Powietrze - BLUE SERWIS, Strona Partnera Buderus<\/title>\n<meta name=\"robots\" content=\"index, follow, max-snippet:-1, max-image-preview:large, max-video-preview:-1\" \/>\n<link rel=\"canonical\" href=\"https:\/\/blue-serwis.pl\/buderus\/czyste-powietrze\/\" \/>\n<meta property=\"og:locale\" content=\"pl_PL\" \/>\n<meta property=\"og:type\" content=\"article\" \/>\n<meta property=\"og:title\" content=\"Program Czyste Powietrze - BLUE SERWIS, Strona Partnera Buderus\" \/>\n<meta property=\"og:url\" content=\"https:\/\/blue-serwis.pl\/buderus\/czyste-powietrze\/\" \/>\n<meta property=\"og:site_name\" content=\"BLUE SERWIS, Strona Partnera Buderus\" \/>\n<meta property=\"article:modified_time\" content=\"2020-01-28T14:31:28+00:00\" \/>\n<meta name=\"twitter:card\" content=\"summary_large_image\" \/>\n<script type=\"application\/ld+json\" class=\"yoast-schema-graph\">{\"@context\":\"https:\/\/schema.org\",\"@graph\":[{\"@type\":\"WebPage\",\"@id\":\"https:\/\/blue-serwis.pl\/buderus\/czyste-powietrze\/\",\"url\":\"https:\/\/blue-serwis.pl\/buderus\/czyste-powietrze\/\",\"name\":\"Program Czyste Powietrze - BLUE SERWIS, Strona Partnera Buderus\",\"isPartOf\":{\"@id\":\"https:\/\/blue-serwis.pl\/buderus\/#website\"},\"datePublished\":\"2019-08-06T14:56:45+00:00\",\"dateModified\":\"2020-01-28T14:31:28+00:00\",\"breadcrumb\":{\"@id\":\"https:\/\/blue-serwis.pl\/buderus\/czyste-powietrze\/#breadcrumb\"},\"inLanguage\":\"pl-PL\",\"potentialAction\":[{\"@type\":\"ReadAction\",\"target\":[\"https:\/\/blue-serwis.pl\/buderus\/czyste-powietrze\/\"]}]},{\"@type\":\"BreadcrumbList\",\"@id\":\"https:\/\/blue-serwis.pl\/buderus\/czyste-powietrze\/#breadcrumb\",\"itemListElement\":[{\"@type\":\"ListItem\",\"position\":1,\"name\":\"Strona g\u0142\u00f3wna\",\"item\":\"https:\/\/blue-serwis.pl\/buderus\/\"},{\"@type\":\"ListItem\",\"position\":2,\"name\":\"Program Czyste Powietrze\"}]},{\"@type\":\"WebSite\",\"@id\":\"https:\/\/blue-serwis.pl\/buderus\/#website\",\"url\":\"https:\/\/blue-serwis.pl\/buderus\/\",\"name\":\"BLUE SERWIS, Strona Partnera Buderus\",\"description\":\"Kot\u0142y gazowe, pompy ciep\u0142a, kot\u0142y olejowe, podgrzewacze wody, rekuperacja, technika s\u0142oneczna.\",\"potentialAction\":[{\"@type\":\"SearchAction\",\"target\":{\"@type\":\"EntryPoint\",\"urlTemplate\":\"https:\/\/blue-serwis.pl\/buderus\/?s={search_term_string}\"},\"query-input\":{\"@type\":\"PropertyValueSpecification\",\"valueRequired\":true,\"valueName\":\"search_term_string\"}}],\"inLanguage\":\"pl-PL\"}]}<\/script>\n<!-- \/ Yoast SEO plugin. -->","yoast_head_json":{"title":"Program Czyste Powietrze - BLUE SERWIS, Strona Partnera Buderus","robots":{"index":"index","follow":"follow","max-snippet":"max-snippet:-1","max-image-preview":"max-image-preview:large","max-video-preview":"max-video-preview:-1"},"canonical":"https:\/\/blue-serwis.pl\/buderus\/czyste-powietrze\/","og_locale":"pl_PL","og_type":"article","og_title":"Program Czyste Powietrze - BLUE SERWIS, Strona Partnera Buderus","og_url":"https:\/\/blue-serwis.pl\/buderus\/czyste-powietrze\/","og_site_name":"BLUE SERWIS, Strona Partnera Buderus","article_modified_time":"2020-01-28T14:31:28+00:00","twitter_card":"summary_large_image","schema":{"@context":"https:\/\/schema.org","@graph":[{"@type":"WebPage","@id":"https:\/\/blue-serwis.pl\/buderus\/czyste-powietrze\/","url":"https:\/\/blue-serwis.pl\/buderus\/czyste-powietrze\/","name":"Program Czyste Powietrze - BLUE SERWIS, Strona Partnera Buderus","isPartOf":{"@id":"https:\/\/blue-serwis.pl\/buderus\/#website"},"datePublished":"2019-08-06T14:56:45+00:00","dateModified":"2020-01-28T14:31:28+00:00","breadcrumb":{"@id":"https:\/\/blue-serwis.pl\/buderus\/czyste-powietrze\/#breadcrumb"},"inLanguage":"pl-PL","potentialAction":[{"@type":"ReadAction","target":["https:\/\/blue-serwis.pl\/buderus\/czyste-powietrze\/"]}]},{"@type":"BreadcrumbList","@id":"https:\/\/blue-serwis.pl\/buderus\/czyste-powietrze\/#breadcrumb","itemListElement":[{"@type":"ListItem","position":1,"name":"Strona g\u0142\u00f3wna","item":"https:\/\/blue-serwis.pl\/buderus\/"},{"@type":"ListItem","position":2,"name":"Program Czyste Powietrze"}]},{"@type":"WebSite","@id":"https:\/\/blue-serwis.pl\/buderus\/#website","url":"https:\/\/blue-serwis.pl\/buderus\/","name":"BLUE SERWIS, Strona Partnera Buderus","description":"Kot\u0142y gazowe, pompy ciep\u0142a, kot\u0142y olejowe, podgrzewacze wody, rekuperacja, technika s\u0142oneczna.","potentialAction":[{"@type":"SearchAction","target":{"@type":"EntryPoint","urlTemplate":"https:\/\/blue-serwis.pl\/buderus\/?s={search_term_string}"},"query-input":{"@type":"PropertyValueSpecification","valueRequired":true,"valueName":"search_term_string"}}],"inLanguage":"pl-PL"}]}},"_links":{"self":[{"href":"https:\/\/blue-serwis.pl\/buderus\/wp-json\/wp\/v2\/pages\/1538","targetHints":{"allow":["GET"]}}],"collection":[{"href":"https:\/\/blue-serwis.pl\/buderus\/wp-json\/wp\/v2\/pages"}],"about":[{"href":"https:\/\/blue-serwis.pl\/buderus\/wp-json\/wp\/v2\/types\/page"}],"author":[{"embeddable":true,"href":"https:\/\/blue-serwis.pl\/buderus\/wp-json\/wp\/v2\/users\/3"}],"replies":[{"embeddable":true,"href":"https:\/\/blue-serwis.pl\/buderus\/wp-json\/wp\/v2\/comments?post=1538"}],"version-history":[{"count":1,"href":"https:\/\/blue-serwis.pl\/buderus\/wp-json\/wp\/v2\/pages\/1538\/revisions"}],"predecessor-version":[{"id":1539,"href":"https:\/\/blue-serwis.pl\/buderus\/wp-json\/wp\/v2\/pages\/1538\/revisions\/1539"}],"wp:attachment":[{"href":"https:\/\/blue-serwis.pl\/buderus\/wp-json\/wp\/v2\/media?parent=1538"}],"curies":[{"name":"wp","href":"https:\/\/api.w.org\/{rel}","templated":true}]}}